{"id":2,"date":"2021-11-08T10:20:41","date_gmt":"2021-11-08T09:20:41","guid":{"rendered":"http:\/\/localhost:90\/wordpress\/?page_id=2"},"modified":"2021-11-08T10:20:41","modified_gmt":"2021-11-08T09:20:41","slug":"vzorcna-stran","status":"publish","type":"page","link":"https:\/\/www.litija.com\/sl\/vzorcna-stran\/","title":{"rendered":"Vzor\u010dna stran"},"content":{"rendered":"<p>To je vzor\u010dna stran. Druga\u010dna je od prispevka bloga, ker bo ostala na mestu in se bo v ve\u010dini tem prikazala v navigaciji spleti\u0161\u010da. Ve\u010dina ljudi za\u010dne s stranjo O meni, ki jih predstavi potencialnim obiskovalcem spleti\u0161\u010da. V njej je lahko nekaj podobnega kot to:<\/p>\n\n\n\n<blockquote class=\"wp-block-quote is-layout-flow wp-block-quote-is-layout-flow\"><p>Hi there! I&#8217;m a bike messenger by day, aspiring actor by night, and this is my website. I live in Los Angeles, have a great dog named Jack, and I like pi&#241;a coladas. (And gettin&#8217; caught in the rain.)<\/p><\/blockquote>\n\n\n\n<p>&#8230; ali nekaj takega:<\/p>\n\n\n\n<blockquote class=\"wp-block-quote is-layout-flow wp-block-quote-is-layout-flow\"><p>The XYZ Doohickey Company was founded in 1971, and has been providing quality doohickeys to the public ever since. Located in Gotham City, XYZ employs over 2,000 people and does all kinds of awesome things for the Gotham community.<\/p><\/blockquote>\n\n\n\n<p>Kot nov uporabnik WordPressa bi morali obiskati va\u0161o <a href=\"https:\/\/www.litija.com\/wp-admin\/\">nadzorno plo\u0161\u010do<\/a> za izbris te strani in ustvaritev novih strani za va\u0161o vsebino. Zabavajte se!<\/p>","protected":false},"excerpt":{"rendered":"<p>To je vzor\u010dna stran. Druga\u010dna je od prispevka bloga, ker bo ostala na mestu in se bo v ve\u010dini tem prikazala v navigaciji spleti\u0161\u010da. Ve\u010dina ljudi za\u010dne s stranjo O meni, ki jih predstavi potencialnim obiskovalcem spleti\u0161\u010da. V njej je lahko nekaj podobnega kot to: Hi there! I&#8217;m a bike messenger by day, aspiring actor by night, and this is my website. I live in Los Angeles, have a great dog named Jack, and I like pi&#241;a coladas. (And gettin&#8217; caught in the rain.) &#8230; ali nekaj takega: The XYZ Doohickey Company was founded in 1971, and has been providing<\/p>","protected":false},"author":1,"featured_media":0,"parent":0,"menu_order":0,"comment_status":"closed","ping_status":"open","template":"","meta":{"tpgb_global_settings":"","editor_plus_copied_stylings":"{}","footnotes":"","_links_to":"","_links_to_target":""},"class_list":["post-2","page","type-page","status-publish","hentry"],"yoast_head":"<!-- This site is optimized with the Yoast SEO plugin v27.4 - https:\/\/yoast.com\/product\/yoast-seo-wordpress\/ -->\n<title>Vzor\u010dna stran - Litia Spinnery<\/title>\n<meta name=\"robots\" content=\"index, follow, max-snippet:-1, max-image-preview:large, max-video-preview:-1\" \/>\n<link rel=\"canonical\" href=\"https:\/\/www.litija.com\/sl\/vzorcna-stran\/\" \/>\n<meta property=\"og:locale\" content=\"sl_SI\" \/>\n<meta property=\"og:type\" content=\"article\" \/>\n<meta property=\"og:title\" content=\"Vzor\u010dna stran - Litia Spinnery\" \/>\n<meta property=\"og:description\" content=\"To je vzor\u010dna stran. Druga\u010dna je od prispevka bloga, ker bo ostala na mestu in se bo v ve\u010dini tem prikazala v navigaciji spleti\u0161\u010da. Ve\u010dina ljudi za\u010dne s stranjo O meni, ki jih predstavi potencialnim obiskovalcem spleti\u0161\u010da. V njej je lahko nekaj podobnega kot to: Hi there! I&#8217;m a bike messenger by day, aspiring actor by night, and this is my website. I live in Los Angeles, have a great dog named Jack, and I like pi&#241;a coladas. (And gettin&#8217; caught in the rain.) &#8230; ali nekaj takega: The XYZ Doohickey Company was founded in 1971, and has been providing\" \/>\n<meta property=\"og:url\" content=\"https:\/\/www.litija.com\/sl\/vzorcna-stran\/\" \/>\n<meta property=\"og:site_name\" content=\"Litia Spinnery\" \/>\n<meta name=\"twitter:card\" content=\"summary_large_image\" \/>\n<meta name=\"twitter:label1\" content=\"Est. reading time\" \/>\n\t<meta name=\"twitter:data1\" content=\"1 minuta\" \/>\n<script type=\"application\/ld+json\" class=\"yoast-schema-graph\">{\"@context\":\"https:\\\/\\\/schema.org\",\"@graph\":[{\"@type\":\"WebPage\",\"@id\":\"https:\\\/\\\/www.litija.com\\\/vzorcna-stran\\\/\",\"url\":\"https:\\\/\\\/www.litija.com\\\/vzorcna-stran\\\/\",\"name\":\"Vzor\u010dna stran - Litia Spinnery\",\"isPartOf\":{\"@id\":\"https:\\\/\\\/www.litija.com\\\/#website\"},\"datePublished\":\"2021-11-08T09:20:41+00:00\",\"breadcrumb\":{\"@id\":\"https:\\\/\\\/www.litija.com\\\/vzorcna-stran\\\/#breadcrumb\"},\"inLanguage\":\"sl-SI\",\"potentialAction\":[{\"@type\":\"ReadAction\",\"target\":[\"https:\\\/\\\/www.litija.com\\\/vzorcna-stran\\\/\"]}]},{\"@type\":\"BreadcrumbList\",\"@id\":\"https:\\\/\\\/www.litija.com\\\/vzorcna-stran\\\/#breadcrumb\",\"itemListElement\":[{\"@type\":\"ListItem\",\"position\":1,\"name\":\"Home\",\"item\":\"https:\\\/\\\/www.litija.com\\\/\"},{\"@type\":\"ListItem\",\"position\":2,\"name\":\"Vzor\u010dna stran\"}]},{\"@type\":\"WebSite\",\"@id\":\"https:\\\/\\\/www.litija.com\\\/#website\",\"url\":\"https:\\\/\\\/www.litija.com\\\/\",\"name\":\"Litia Spinnery\",\"description\":\"Predilnica Litija\",\"publisher\":{\"@id\":\"https:\\\/\\\/www.litija.com\\\/#organization\"},\"potentialAction\":[{\"@type\":\"SearchAction\",\"target\":{\"@type\":\"EntryPoint\",\"urlTemplate\":\"https:\\\/\\\/www.litija.com\\\/?s={search_term_string}\"},\"query-input\":{\"@type\":\"PropertyValueSpecification\",\"valueRequired\":true,\"valueName\":\"search_term_string\"}}],\"inLanguage\":\"sl-SI\"},{\"@type\":\"Organization\",\"@id\":\"https:\\\/\\\/www.litija.com\\\/#organization\",\"name\":\"Litia Spinnery\",\"url\":\"https:\\\/\\\/www.litija.com\\\/\",\"logo\":{\"@type\":\"ImageObject\",\"inLanguage\":\"sl-SI\",\"@id\":\"https:\\\/\\\/www.litija.com\\\/#\\\/schema\\\/logo\\\/image\\\/\",\"url\":\"https:\\\/\\\/www.litija.com\\\/wp-content\\\/uploads\\\/2022\\\/10\\\/Logotip-Litia-bel.png\",\"contentUrl\":\"https:\\\/\\\/www.litija.com\\\/wp-content\\\/uploads\\\/2022\\\/10\\\/Logotip-Litia-bel.png\",\"width\":885,\"height\":413,\"caption\":\"Litia Spinnery\"},\"image\":{\"@id\":\"https:\\\/\\\/www.litija.com\\\/#\\\/schema\\\/logo\\\/image\\\/\"}}]}<\/script>\n<!-- \/ Yoast SEO plugin. -->","yoast_head_json":{"title":"Vzor\u010dna stran - Litia Spinnery","robots":{"index":"index","follow":"follow","max-snippet":"max-snippet:-1","max-image-preview":"max-image-preview:large","max-video-preview":"max-video-preview:-1"},"canonical":"https:\/\/www.litija.com\/sl\/vzorcna-stran\/","og_locale":"sl_SI","og_type":"article","og_title":"Vzor\u010dna stran - Litia Spinnery","og_description":"To je vzor\u010dna stran. Druga\u010dna je od prispevka bloga, ker bo ostala na mestu in se bo v ve\u010dini tem prikazala v navigaciji spleti\u0161\u010da. Ve\u010dina ljudi za\u010dne s stranjo O meni, ki jih predstavi potencialnim obiskovalcem spleti\u0161\u010da. V njej je lahko nekaj podobnega kot to: Hi there! I&#8217;m a bike messenger by day, aspiring actor by night, and this is my website. I live in Los Angeles, have a great dog named Jack, and I like pi&#241;a coladas. (And gettin&#8217; caught in the rain.) &#8230; ali nekaj takega: The XYZ Doohickey Company was founded in 1971, and has been providing","og_url":"https:\/\/www.litija.com\/sl\/vzorcna-stran\/","og_site_name":"Litia Spinnery","twitter_card":"summary_large_image","twitter_misc":{"Est. reading time":"1 minuta"},"schema":{"@context":"https:\/\/schema.org","@graph":[{"@type":"WebPage","@id":"https:\/\/www.litija.com\/vzorcna-stran\/","url":"https:\/\/www.litija.com\/vzorcna-stran\/","name":"Vzor\u010dna stran - Litia Spinnery","isPartOf":{"@id":"https:\/\/www.litija.com\/#website"},"datePublished":"2021-11-08T09:20:41+00:00","breadcrumb":{"@id":"https:\/\/www.litija.com\/vzorcna-stran\/#breadcrumb"},"inLanguage":"sl-SI","potentialAction":[{"@type":"ReadAction","target":["https:\/\/www.litija.com\/vzorcna-stran\/"]}]},{"@type":"BreadcrumbList","@id":"https:\/\/www.litija.com\/vzorcna-stran\/#breadcrumb","itemListElement":[{"@type":"ListItem","position":1,"name":"Home","item":"https:\/\/www.litija.com\/"},{"@type":"ListItem","position":2,"name":"Vzor\u010dna stran"}]},{"@type":"WebSite","@id":"https:\/\/www.litija.com\/#website","url":"https:\/\/www.litija.com\/","name":"Litia Spinnery","description":"Predilnica Litija","publisher":{"@id":"https:\/\/www.litija.com\/#organization"},"potentialAction":[{"@type":"SearchAction","target":{"@type":"EntryPoint","urlTemplate":"https:\/\/www.litija.com\/?s={search_term_string}"},"query-input":{"@type":"PropertyValueSpecification","valueRequired":true,"valueName":"search_term_string"}}],"inLanguage":"sl-SI"},{"@type":"Organization","@id":"https:\/\/www.litija.com\/#organization","name":"Litia Spinnery","url":"https:\/\/www.litija.com\/","logo":{"@type":"ImageObject","inLanguage":"sl-SI","@id":"https:\/\/www.litija.com\/#\/schema\/logo\/image\/","url":"https:\/\/www.litija.com\/wp-content\/uploads\/2022\/10\/Logotip-Litia-bel.png","contentUrl":"https:\/\/www.litija.com\/wp-content\/uploads\/2022\/10\/Logotip-Litia-bel.png","width":885,"height":413,"caption":"Litia Spinnery"},"image":{"@id":"https:\/\/www.litija.com\/#\/schema\/logo\/image\/"}}]}},"tpgb_featured_images":null,"tpgb_post_meta_info":{"get_date":"8. novembra, 2021","get_modified_date":"8. novembra, 2021","author_name":"TilenR","author_url":"https:\/\/www.litija.com\/sl\/author\/tilenr\/","author_email":"tilen.resnik@litija.com","author_website":"http:\/\/localhost:90\/wordpress","author_description":"","author_facebook":"","author_twitter":"","author_instagram":"","author_role":["administrator"],"author_firstname":"","author_lastname":"","user_login":"TilenR","author_avatar":"<img alt='' src='https:\/\/secure.gravatar.com\/avatar\/0fbdf1bba12c68cdddddd637d5904b1fdcc6595d26b01e6ff670a071cc17950f?s=200&#038;d=mm&#038;r=g' srcset='https:\/\/secure.gravatar.com\/avatar\/0fbdf1bba12c68cdddddd637d5904b1fdcc6595d26b01e6ff670a071cc17950f?s=400&#038;d=mm&#038;r=g 2x' class='avatar avatar-200 photo' height='200' width='200' loading='lazy' decoding='async'\/>","author_avatar_url":"https:\/\/secure.gravatar.com\/avatar\/0fbdf1bba12c68cdddddd637d5904b1fdcc6595d26b01e6ff670a071cc17950f?s=96&d=mm&r=g","comment_count":0,"post_likes":0,"post_views":0},"tpgb_post_category":[],"_links":{"self":[{"href":"https:\/\/www.litija.com\/sl\/wp-json\/wp\/v2\/pages\/2","targetHints":{"allow":["GET"]}}],"collection":[{"href":"https:\/\/www.litija.com\/sl\/wp-json\/wp\/v2\/pages"}],"about":[{"href":"https:\/\/www.litija.com\/sl\/wp-json\/wp\/v2\/types\/page"}],"author":[{"embeddable":true,"href":"https:\/\/www.litija.com\/sl\/wp-json\/wp\/v2\/users\/1"}],"replies":[{"embeddable":true,"href":"https:\/\/www.litija.com\/sl\/wp-json\/wp\/v2\/comments?post=2"}],"version-history":[{"count":0,"href":"https:\/\/www.litija.com\/sl\/wp-json\/wp\/v2\/pages\/2\/revisions"}],"wp:attachment":[{"href":"https:\/\/www.litija.com\/sl\/wp-json\/wp\/v2\/media?parent=2"}],"curies":[{"name":"wp","href":"https:\/\/api.w.org\/{rel}","templated":true}]}}